{"id":3136,"date":"2019-12-19T00:02:40","date_gmt":"2019-12-18T23:02:40","guid":{"rendered":"https:\/\/www.obadiastasi.com\/joachim-bokobsa\/"},"modified":"2024-03-10T15:05:58","modified_gmt":"2024-03-10T14:05:58","slug":"joachim-bokobsa","status":"publish","type":"page","link":"https:\/\/www.obadiastasi.com\/en\/joachim-bokobsa\/","title":{"rendered":"Joachim BOKOBSA"},"content":{"rendered":"<p><div class=\"fusion-fullwidth fullwidth-box fusion-builder-row-1 nonhundred-percent-fullwidth non-hundred-percent-height-scrolling\" style=\"--awb-border-radius-top-left:0px;--awb-border-radius-top-right:0px;--awb-border-radius-bottom-right:0px;--awb-border-radius-bottom-left:0px;--awb-padding-left:40px;--awb-flex-wrap:wrap;\" ><div class=\"fusion-builder-row fusion-row\"><div class=\"fusion-layout-column fusion_builder_column fusion-builder-column-0 fusion_builder_column_1_6 1_6 fusion-one-sixth fusion-column-first\" style=\"--awb-bg-blend:overlay;--awb-bg-size:cover;width:16.666666666667%;width:calc(16.666666666667% - ( ( 4% + 4% ) * 0.16666666666667 ) );margin-right: 4%;\"><div class=\"fusion-column-wrapper fusion-column-has-shadow fusion-flex-column-wrapper-legacy\"><div class=\"fusion-clearfix\"><\/div><\/div><\/div><div class=\"fusion-layout-column fusion_builder_column fusion-builder-column-1 fusion_builder_column_1_5 1_5 fusion-one-fifth\" style=\"--awb-bg-blend:overlay;--awb-bg-size:cover;width:20%;width:calc(20% - ( ( 4% + 4% ) * 0.2 ) );margin-right: 4%;\"><div class=\"fusion-column-wrapper fusion-column-has-shadow fusion-flex-column-wrapper-legacy\"><div class=\"fusion-image-element in-legacy-container\" style=\"--awb-bottom-shadow-color:rgba(0,0,0,0.4);--awb-caption-title-font-family:var(--h2_typography-font-family);--awb-caption-title-font-weight:var(--h2_typography-font-weight);--awb-caption-title-font-style:var(--h2_typography-font-style);--awb-caption-title-size:var(--h2_typography-font-size);--awb-caption-title-transform:var(--h2_typography-text-transform);--awb-caption-title-line-height:var(--h2_typography-line-height);--awb-caption-title-letter-spacing:var(--h2_typography-letter-spacing);\"><div class=\"awb-image-frame awb-image-frame-1 awb-bottomshadow\"><span class=\" fusion-imageframe imageframe-bottomshadow imageframe-1 hover-type-none\"><img decoding=\"async\" width=\"2229\" height=\"2560\" title=\"Portrait-Stasi&#038;Obadia-2021_SAC1650\" src=\"https:\/\/www.obadiastasi.com\/wp-content\/uploads\/2021\/12\/Portrait-StasiObadia-2021_SAC1650-1-scaled.jpg\" alt class=\"img-responsive wp-image-2809\" srcset=\"https:\/\/www.obadiastasi.com\/wp-content\/uploads\/2021\/12\/Portrait-StasiObadia-2021_SAC1650-1-200x230.jpg 200w, https:\/\/www.obadiastasi.com\/wp-content\/uploads\/2021\/12\/Portrait-StasiObadia-2021_SAC1650-1-400x459.jpg 400w, https:\/\/www.obadiastasi.com\/wp-content\/uploads\/2021\/12\/Portrait-StasiObadia-2021_SAC1650-1-600x689.jpg 600w, https:\/\/www.obadiastasi.com\/wp-content\/uploads\/2021\/12\/Portrait-StasiObadia-2021_SAC1650-1-800x919.jpg 800w, https:\/\/www.obadiastasi.com\/wp-content\/uploads\/2021\/12\/Portrait-StasiObadia-2021_SAC1650-1-1200x1378.jpg 1200w, https:\/\/www.obadiastasi.com\/wp-content\/uploads\/2021\/12\/Portrait-StasiObadia-2021_SAC1650-1-scaled.jpg 2229w\" sizes=\"(max-width: 670px) 100vw, 400px\" \/><\/span><svg xmlns=\"http:\/\/www.w3.org\/2000\/svg\" version=\"1.1\" width=\"100%\" viewBox=\"0 0 600 28\" preserveAspectRatio=\"none\"><g clip-path=\"url(#a)\"><mask id=\"b\" style=\"mask-type:luminance\" maskUnits=\"userSpaceOnUse\" x=\"0\" y=\"0\" width=\"600\" height=\"28\"><path d=\"M0 0h600v28H0V0Z\" fill=\"#fff\"\/><\/mask><g filter=\"url(#c)\" mask=\"url(#b)\"><path d=\"M16.439-18.667h567.123v30.8S438.961-8.4 300-8.4C161.04-8.4 16.438 12.133 16.438 12.133v-30.8Z\" fill=\"#000\"\/><\/g><\/g><defs><clipPath id=\"a\"><path fill=\"#fff\" d=\"M0 0h600v28H0z\"\/><\/clipPath><filter id=\"c\" x=\"5.438\" y=\"-29.667\" width=\"589.123\" height=\"52.8\" filterUnits=\"userSpaceOnUse\" color-interpolation-filters=\"sRGB\"><feFlood flood-opacity=\"0\" result=\"BackgroundImageFix\"\/><feBlend in=\"SourceGraphic\" in2=\"BackgroundImageFix\" result=\"shape\"\/><feGaussianBlur stdDeviation=\"5.5\" result=\"effect1_foregroundBlur_3983_183\"\/><\/filter><\/defs><\/svg><\/div><\/div><div class=\"fusion-sep-clear\"><\/div><div class=\"fusion-separator fusion-full-width-sep\" style=\"margin-left: auto;margin-right: auto;margin-top:20px;width:100%;\"><\/div><div class=\"fusion-sep-clear\"><\/div><div class=\"fusion-text fusion-text-1\" style=\"--awb-text-font-family:&quot;Montserrat&quot;;--awb-text-font-style:normal;--awb-text-font-weight:400;\"><h6><span style=\"color: #14613b;\">Member of the Paris Bar<br \/>\n<\/span><\/h6>\n<h6><span style=\"color: #14613b;\"><a style=\"color: #14613b;\" href=\"mailto:bokobsa@obadiastasi.com\">bokobsa@obadiastasi.com<\/a><\/span><\/h6>\n<\/div><div class=\"fusion-button-wrapper\"><a class=\"fusion-button button-3d button-large button-custom fusion-button-default button-1 fusion-button-default-span \" style=\"--button_accent_color:#204f03;--button_border_color:#ffffff;--button_accent_hover_color:#ffffff;--button_border_hover_color:#ffffff;--button-border-radius-top-left:0;--button-border-radius-top-right:0;--button-border-radius-bottom-right:0;--button-border-radius-bottom-left:0;--button_gradient_angle:182deg;--button_gradient_top_color:#ffffff;--button_gradient_bottom_color:#ffffff;--button_gradient_top_color_hover:#000000;--button_gradient_bottom_color_hover:#000000;\" target=\"_self\" href=\"https:\/\/www.linkedin.com\/in\/joachim-bokobsa-01868985\/\"><i class=\"fa-linkedin fab awb-button__icon awb-button__icon--default button-icon-left\" aria-hidden=\"true\"><\/i><span class=\"fusion-button-text awb-button__text awb-button__text--default\">LinkedIn <\/span><\/a><\/div><div class=\"fusion-clearfix\"><\/div><\/div><\/div><div class=\"fusion-layout-column fusion_builder_column fusion-builder-column-2 fusion_builder_column_3_5 3_5 fusion-three-fifth fusion-column-last\" style=\"--awb-bg-blend:overlay;--awb-bg-size:cover;width:60%;width:calc(60% - ( ( 4% + 4% ) * 0.6 ) );\"><div class=\"fusion-column-wrapper fusion-column-has-shadow fusion-flex-column-wrapper-legacy\"><div class=\"fusion-text fusion-text-2\" style=\"--awb-text-font-family:&quot;Montserrat&quot;;--awb-text-font-style:normal;--awb-text-font-weight:400;\"><h2><span style=\"color: #14613b;\">Joachim Bokobsa<\/span><\/h2>\n<\/div><div class=\"fusion-text fusion-text-3\" style=\"--awb-font-size:18px;--awb-text-font-family:&quot;Montserrat&quot;;--awb-text-font-style:normal;--awb-text-font-weight:400;\"><p><span style=\"color: #999999;\">An experienced lawyer, he spent two years with <em>Simmons &amp; Simmons<\/em> before specializing in criminal business law and criminal health law. He takes part in the defense of pharmaceutical laboratories and doctors in proceedings initiated at the P\u00f4les Sant\u00e9 in Paris and Marseille.<\/span><\/p>\n<p><span style=\"color: #999999;\">Joachim Bokobsa also defends corporate entities and company directors before the criminal courts. In the course of his various experiences, Joachim Bokobsa has developed an excellent ability to react quickly to urgent situations, and to establish direct relationships with his contacts (judges, prosecutors, police officers, experts).<\/span><\/p>\n<p><span style=\"color: #999999;\"><u>In short<\/u>:<\/span><\/p>\n<ul>\n<li><span style=\"color: #999999;\">English-speaking<\/span><\/li>\n<\/ul>\n<ul>\n<li><span style=\"color: #999999;\">Former associate at <em>Simmons &amp; Simmons<\/em><\/span><\/li>\n<\/ul>\n<ul>\n<li><span style=\"color: #999999;\">LLM at Cardozo School of Law (New York)<\/span><\/li>\n<\/ul>\n<ul>\n<li><span style=\"color: #999999;\">Master 2 Recherche Droit des soci\u00e9t\u00e9s &#8211; Valedictorian &#8211; Universit\u00e9 de Cergy-Pontoise<\/span><\/li>\n<\/ul>\n<ul>\n<li><span style=\"color: #999999;\">Dissertation: <em>&#8220;La notion de pertes sociales en droit fran\u00e7ais des soci\u00e9t\u00e9s&#8221; (The notion of social losses in French corporate<\/em> law)<\/span><\/li>\n<\/ul>\n<\/div><div class=\"fusion-button-wrapper fusion-alignleft\"><a class=\"fusion-button button-3d button-large button-custom fusion-button-default button-2 fusion-button-default-span fusion-no-medium-visibility\" style=\"--button_accent_color:#003802;--button_border_color:#003802;--button_accent_hover_color:#ffffff;--button_border_hover_color:#ffffff;--button-border-radius-top-left:0;--button-border-radius-top-right:0;--button-border-radius-bottom-right:0;--button-border-radius-bottom-left:0;--button_gradient_top_color:#ffffff;--button_gradient_bottom_color:#ffffff;--button_gradient_top_color_hover:#000000;--button_gradient_bottom_color_hover:#000000;\" target=\"_self\" title=\"Contact us\" aria-label=\"Contact us\" href=\"https:\/\/www.obadiastasi.com\/#contact\"><span class=\"fusion-button-icon-divider button-icon-divider-left\"><i class=\"fa-address-card fas awb-button__icon awb-button__icon--default\" aria-hidden=\"true\"><\/i><\/span><span class=\"fusion-button-text awb-button__text awb-button__text--default fusion-button-text-left\">Contact us<\/span><\/a><\/div><div class=\"fusion-clearfix\"><\/div><\/div><\/div><\/div><\/div><div class=\"fusion-fullwidth fullwidth-box fusion-builder-row-2 nonhundred-percent-fullwidth non-hundred-percent-height-scrolling\" style=\"--awb-border-radius-top-left:0px;--awb-border-radius-top-right:0px;--awb-border-radius-bottom-right:0px;--awb-border-radius-bottom-left:0px;--awb-flex-wrap:wrap;\" ><div class=\"fusion-builder-row fusion-row\"><div class=\"fusion-layout-column fusion_builder_column fusion-builder-column-3 fusion_builder_column_1_1 1_1 fusion-one-full fusion-column-first fusion-column-last\" style=\"--awb-bg-blend:overlay;--awb-bg-size:cover;--awb-margin-bottom:0px;\"><div class=\"fusion-column-wrapper fusion-flex-column-wrapper-legacy\"><div class=\"fusion-text fusion-text-4\"><\/div><div class=\"fusion-clearfix\"><\/div><\/div><\/div><\/div><\/div><\/p>\n","protected":false},"excerpt":{"rendered":"","protected":false},"author":2,"featured_media":0,"parent":0,"menu_order":0,"comment_status":"closed","ping_status":"closed","template":"","meta":{"_monsterinsights_skip_tracking":false,"_monsterinsights_sitenote_active":false,"_monsterinsights_sitenote_note":"","_monsterinsights_sitenote_category":0,"footnotes":""},"class_list":["post-3136","page","type-page","status-publish","hentry"],"yoast_head":"<!-- This site is optimized with the Yoast SEO plugin v27.5 - https:\/\/yoast.com\/product\/yoast-seo-wordpress\/ -->\n<title>Joachim BOKOBSA - Obadia Stasi avocats<\/title>\n<meta name=\"description\" content=\"Criminal lawyer: Joachim Bokobsa, specialized in criminal law, criminal business law and criminal health law.\" \/>\n<meta name=\"robots\" content=\"index, follow, max-snippet:-1, max-image-preview:large, max-video-preview:-1\" \/>\n<link rel=\"canonical\" href=\"https:\/\/www.obadiastasi.com\/en\/joachim-bokobsa\/\" \/>\n<meta property=\"og:locale\" content=\"en_US\" \/>\n<meta property=\"og:type\" content=\"article\" \/>\n<meta property=\"og:title\" content=\"Joachim BOKOBSA - Obadia Stasi avocats\" \/>\n<meta property=\"og:description\" content=\"Criminal lawyer: Joachim Bokobsa, specialized in criminal law, criminal business law and criminal health law.\" \/>\n<meta property=\"og:url\" content=\"https:\/\/www.obadiastasi.com\/en\/joachim-bokobsa\/\" \/>\n<meta property=\"og:site_name\" content=\"Obadia Stasi avocats\" \/>\n<meta property=\"article:modified_time\" content=\"2024-03-10T14:05:58+00:00\" \/>\n<meta name=\"twitter:card\" content=\"summary_large_image\" \/>\n<meta name=\"twitter:label1\" content=\"Est. reading time\" \/>\n\t<meta name=\"twitter:data1\" content=\"5 minutes\" \/>\n<script type=\"application\/ld+json\" class=\"yoast-schema-graph\">{\"@context\":\"https:\\\/\\\/schema.org\",\"@graph\":[{\"@type\":\"WebPage\",\"@id\":\"https:\\\/\\\/www.obadiastasi.com\\\/en\\\/joachim-bokobsa\\\/\",\"url\":\"https:\\\/\\\/www.obadiastasi.com\\\/en\\\/joachim-bokobsa\\\/\",\"name\":\"Joachim BOKOBSA - Obadia Stasi avocats\",\"isPartOf\":{\"@id\":\"https:\\\/\\\/www.obadiastasi.com\\\/en\\\/#website\"},\"datePublished\":\"2019-12-18T23:02:40+00:00\",\"dateModified\":\"2024-03-10T14:05:58+00:00\",\"description\":\"Criminal lawyer: Joachim Bokobsa, specialized in criminal law, criminal business law and criminal health law.\",\"breadcrumb\":{\"@id\":\"https:\\\/\\\/www.obadiastasi.com\\\/en\\\/joachim-bokobsa\\\/#breadcrumb\"},\"inLanguage\":\"en-US\",\"potentialAction\":[{\"@type\":\"ReadAction\",\"target\":[\"https:\\\/\\\/www.obadiastasi.com\\\/en\\\/joachim-bokobsa\\\/\"]}]},{\"@type\":\"BreadcrumbList\",\"@id\":\"https:\\\/\\\/www.obadiastasi.com\\\/en\\\/joachim-bokobsa\\\/#breadcrumb\",\"itemListElement\":[{\"@type\":\"ListItem\",\"position\":1,\"name\":\"Accueil\",\"item\":\"https:\\\/\\\/www.obadiastasi.com\\\/en\\\/obadia-stasi\\\/\"},{\"@type\":\"ListItem\",\"position\":2,\"name\":\"Joachim BOKOBSA\"}]},{\"@type\":\"WebSite\",\"@id\":\"https:\\\/\\\/www.obadiastasi.com\\\/en\\\/#website\",\"url\":\"https:\\\/\\\/www.obadiastasi.com\\\/en\\\/\",\"name\":\"Obadia Stasi avocats\",\"description\":\"D\u00e9fense p\u00e9nale et contentieux\",\"publisher\":{\"@id\":\"https:\\\/\\\/www.obadiastasi.com\\\/en\\\/#organization\"},\"potentialAction\":[{\"@type\":\"SearchAction\",\"target\":{\"@type\":\"EntryPoint\",\"urlTemplate\":\"https:\\\/\\\/www.obadiastasi.com\\\/en\\\/?s={search_term_string}\"},\"query-input\":{\"@type\":\"PropertyValueSpecification\",\"valueRequired\":true,\"valueName\":\"search_term_string\"}}],\"inLanguage\":\"en-US\"},{\"@type\":\"Organization\",\"@id\":\"https:\\\/\\\/www.obadiastasi.com\\\/en\\\/#organization\",\"name\":\"OBADIA & STASI\",\"url\":\"https:\\\/\\\/www.obadiastasi.com\\\/en\\\/\",\"logo\":{\"@type\":\"ImageObject\",\"inLanguage\":\"en-US\",\"@id\":\"https:\\\/\\\/www.obadiastasi.com\\\/en\\\/#\\\/schema\\\/logo\\\/image\\\/\",\"url\":\"https:\\\/\\\/www.obadiastasi.com\\\/wp-content\\\/uploads\\\/2019\\\/10\\\/OBADIASTASI-LOGO-L.png\",\"contentUrl\":\"https:\\\/\\\/www.obadiastasi.com\\\/wp-content\\\/uploads\\\/2019\\\/10\\\/OBADIASTASI-LOGO-L.png\",\"width\":500,\"height\":299,\"caption\":\"OBADIA & STASI\"},\"image\":{\"@id\":\"https:\\\/\\\/www.obadiastasi.com\\\/en\\\/#\\\/schema\\\/logo\\\/image\\\/\"},\"sameAs\":[\"https:\\\/\\\/www.linkedin.com\\\/in\\\/mario-pierre-stasi-6383ba68\\\/\"]}]}<\/script>\n<!-- \/ Yoast SEO plugin. -->","yoast_head_json":{"title":"Joachim BOKOBSA - Obadia Stasi avocats","description":"Criminal lawyer: Joachim Bokobsa, specialized in criminal law, criminal business law and criminal health law.","robots":{"index":"index","follow":"follow","max-snippet":"max-snippet:-1","max-image-preview":"max-image-preview:large","max-video-preview":"max-video-preview:-1"},"canonical":"https:\/\/www.obadiastasi.com\/en\/joachim-bokobsa\/","og_locale":"en_US","og_type":"article","og_title":"Joachim BOKOBSA - Obadia Stasi avocats","og_description":"Criminal lawyer: Joachim Bokobsa, specialized in criminal law, criminal business law and criminal health law.","og_url":"https:\/\/www.obadiastasi.com\/en\/joachim-bokobsa\/","og_site_name":"Obadia Stasi avocats","article_modified_time":"2024-03-10T14:05:58+00:00","twitter_card":"summary_large_image","twitter_misc":{"Est. reading time":"5 minutes"},"schema":{"@context":"https:\/\/schema.org","@graph":[{"@type":"WebPage","@id":"https:\/\/www.obadiastasi.com\/en\/joachim-bokobsa\/","url":"https:\/\/www.obadiastasi.com\/en\/joachim-bokobsa\/","name":"Joachim BOKOBSA - Obadia Stasi avocats","isPartOf":{"@id":"https:\/\/www.obadiastasi.com\/en\/#website"},"datePublished":"2019-12-18T23:02:40+00:00","dateModified":"2024-03-10T14:05:58+00:00","description":"Criminal lawyer: Joachim Bokobsa, specialized in criminal law, criminal business law and criminal health law.","breadcrumb":{"@id":"https:\/\/www.obadiastasi.com\/en\/joachim-bokobsa\/#breadcrumb"},"inLanguage":"en-US","potentialAction":[{"@type":"ReadAction","target":["https:\/\/www.obadiastasi.com\/en\/joachim-bokobsa\/"]}]},{"@type":"BreadcrumbList","@id":"https:\/\/www.obadiastasi.com\/en\/joachim-bokobsa\/#breadcrumb","itemListElement":[{"@type":"ListItem","position":1,"name":"Accueil","item":"https:\/\/www.obadiastasi.com\/en\/obadia-stasi\/"},{"@type":"ListItem","position":2,"name":"Joachim BOKOBSA"}]},{"@type":"WebSite","@id":"https:\/\/www.obadiastasi.com\/en\/#website","url":"https:\/\/www.obadiastasi.com\/en\/","name":"Obadia Stasi avocats","description":"D\u00e9fense p\u00e9nale et contentieux","publisher":{"@id":"https:\/\/www.obadiastasi.com\/en\/#organization"},"potentialAction":[{"@type":"SearchAction","target":{"@type":"EntryPoint","urlTemplate":"https:\/\/www.obadiastasi.com\/en\/?s={search_term_string}"},"query-input":{"@type":"PropertyValueSpecification","valueRequired":true,"valueName":"search_term_string"}}],"inLanguage":"en-US"},{"@type":"Organization","@id":"https:\/\/www.obadiastasi.com\/en\/#organization","name":"OBADIA & STASI","url":"https:\/\/www.obadiastasi.com\/en\/","logo":{"@type":"ImageObject","inLanguage":"en-US","@id":"https:\/\/www.obadiastasi.com\/en\/#\/schema\/logo\/image\/","url":"https:\/\/www.obadiastasi.com\/wp-content\/uploads\/2019\/10\/OBADIASTASI-LOGO-L.png","contentUrl":"https:\/\/www.obadiastasi.com\/wp-content\/uploads\/2019\/10\/OBADIASTASI-LOGO-L.png","width":500,"height":299,"caption":"OBADIA & STASI"},"image":{"@id":"https:\/\/www.obadiastasi.com\/en\/#\/schema\/logo\/image\/"},"sameAs":["https:\/\/www.linkedin.com\/in\/mario-pierre-stasi-6383ba68\/"]}]}},"_links":{"self":[{"href":"https:\/\/www.obadiastasi.com\/en\/wp-json\/wp\/v2\/pages\/3136","targetHints":{"allow":["GET"]}}],"collection":[{"href":"https:\/\/www.obadiastasi.com\/en\/wp-json\/wp\/v2\/pages"}],"about":[{"href":"https:\/\/www.obadiastasi.com\/en\/wp-json\/wp\/v2\/types\/page"}],"author":[{"embeddable":true,"href":"https:\/\/www.obadiastasi.com\/en\/wp-json\/wp\/v2\/users\/2"}],"replies":[{"embeddable":true,"href":"https:\/\/www.obadiastasi.com\/en\/wp-json\/wp\/v2\/comments?post=3136"}],"version-history":[{"count":0,"href":"https:\/\/www.obadiastasi.com\/en\/wp-json\/wp\/v2\/pages\/3136\/revisions"}],"wp:attachment":[{"href":"https:\/\/www.obadiastasi.com\/en\/wp-json\/wp\/v2\/media?parent=3136"}],"curies":[{"name":"wp","href":"https:\/\/api.w.org\/{rel}","templated":true}]}}